{"id":4552,"date":"2023-11-20T13:19:21","date_gmt":"2023-11-20T12:19:21","guid":{"rendered":"https:\/\/www.klimclubhungaria.be\/?page_id=4552"},"modified":"2026-02-05T11:39:09","modified_gmt":"2026-02-05T10:39:09","slug":"kvb3-buis-les-baronnies-frankrijk","status":"publish","type":"page","link":"https:\/\/www.klimclubhungaria.be\/index.php\/kvb3-buis-les-baronnies-frankrijk\/","title":{"rendered":"KVB3 2026, Buis-les-Baronnies, Frankrijk (12\/04 &#8211; 17\/04)"},"content":{"rendered":"\n<p>Wil je een stapje verder gaan dan KVB 2\/KVB 2+, dan biedt klimclub Hungaria nu ook de intensieve opleiding \u201coutdoor voorklimmen (KVB 3)\u201d in Frankrijk aan. In deze cursus leer je de nodige vaardigheden om op een veilige manier zelfstandig voor te klimmen op behaakte routes van zowel \u00e9\u00e9n als meerdere touwlengtes. Achteraf is er een examenmoment voor KVB 3, afgenomen in Belgi\u00eb.<\/p>\n\n\n\n<p><strong>Type opleiding:<\/strong>&nbsp;Opleiding tot behalen van klimvaardigheidsbewijs 3<br><strong>Leeftijdscategorie:<\/strong>&nbsp;volwassenen (min. 18 jaar)<br><strong>Doelgroep:&nbsp;<\/strong>&nbsp;KVB 2; min. 5a voorklimmen (indoor) <br><strong>Aantal deelnemers:<\/strong>&nbsp;6 tot 8 deelnemers<\/p>\n\n\n\n<h2 class=\"wp-block-heading\">Data<\/h2>\n\n\n\n<ul class=\"wp-block-list\">\n<li><strong>Voorbereidingsmoment<\/strong>: online op 26\/03 20 &#8211; 21u<\/li>\n\n\n\n<li><strong>Lesdagen:<\/strong> 12\/04\/2026 t.e.m. 17\/04\/2026 (reisdagen niet inbegrepen)<\/li>\n\n\n\n<li><strong>Examen:<\/strong> 24\/05, 9u30 &#8211; 17u30 te Sy<\/li>\n<\/ul>\n\n\n\n<h2 class=\"wp-block-heading\">Plaats<\/h2>\n\n\n\n<p>Buis-Les-Baronnies, Frankrijk<\/p>\n\n\n\n<h2 class=\"wp-block-heading\">Doelstelling<\/h2>\n\n\n\n<p>Het doel van de cursus is om op een veilige manier de touwtechnieken van het single-pitch en multi-pitch rotsklimmen te leren en daarbij horende risico\u2019s juist in te schatten. Bij deze stages wordt er gefocust op een brede waaier aan thema\u2019s (zie inhoud) en zo veel mogelijk op maat van de deelnemer gewerkt.<\/p>\n\n\n\n<h2 class=\"wp-block-heading\">Inhoud<\/h2>\n\n\n\n<ul class=\"wp-block-list\">\n<li>Materiaalkennis<\/li>\n\n\n\n<li>Ombouwen op verschillende manieren<\/li>\n\n\n\n<li>Standopbouw<\/li>\n\n\n\n<li>Toprope installeren<\/li>\n\n\n\n<li>Noodafdaling op tussenzekering<\/li>\n\n\n\n<li>Multi-pitch technieken (o.a. zekeren voor- en naklimmer, expresstakel)<\/li>\n\n\n\n<li>Rapellen<\/li>\n<\/ul>\n\n\n\n<h2 class=\"wp-block-heading\">Deelnamevoorwaarden<\/h2>\n\n\n\n<ul class=\"wp-block-list\">\n<li>Minimum leeftijd van 18 jaar<\/li>\n\n\n\n<li>Je bent in bezit van een KVB 2; <\/li>\n\n\n\n<li>minimum niveau 5a voorklimmen (indoor).<\/li>\n\n\n\n<li>Je bent KBF-lid zodat je verzekerd bent (lidmaatschap van klimclub Hungaria is hiervoor ideaal).<\/li>\n<\/ul>\n\n\n\n<h2 class=\"wp-block-heading\">Praktisch<\/h2>\n\n\n\n<ul class=\"wp-block-list\">\n<li>De opleiding gaat door vanaf 6 deelnemers; het maximum aantal deelnemers is 8.<\/li>\n\n\n\n<li>Benodigdheden:\n<ul class=\"wp-block-list\">\n<li>Eigen klimgordel, zekeringstoestel (reverso of andere tuberachtige geschikt voor het zekeren van een naklimmer), klimschoenen en klimhelm zijn noodzakelijk. Als lid van klimclub Hungaria kan je eventueel een helm lenen. Daarnaast verwachten we dat je 4 HMS-<strong>schroef<\/strong>musketons, en een ballock\/permalock, slings en hulptouw zelf meebrengt.<\/li>\n\n\n\n<li>Klimtouwen, setjes wordt door ons voorzien, maar aarzel niet om jouw eigen materiaal mee te brengen en te gebruiken indien je dit thuis hebt liggen.&nbsp;<\/li>\n\n\n\n<li>Schrijfgerief voor eigen notities<\/li>\n<\/ul>\n<\/li>\n\n\n\n<li>Transport? Zelf te voorzien, een carpoollink wordt door de club aangemaakt.<\/li>\n<\/ul>\n\n\n\n<h2 class=\"wp-block-heading\">Verblijf<\/h2>\n\n\n\n<p><a href=\"https:\/\/camping-buis-les-baronnies.fr\/\" target=\"_blank\" rel=\"noopener\">Camping le Jalinier<\/a><\/p>\n\n\n\n<ul class=\"wp-block-list\">\n<li>Adres: 187-95 Av. Guillaume de Plaisians, 26170 Buis-les-Baronnies, Frankrijk<\/li>\n\n\n\n<li>Accommodatie: propere en rustige camping met optie tot slapen in tent.<\/li>\n\n\n\n<li>Ontbijt, lunch en avondeten zijn inbegrepen in de prijs van 13\/04 t.e.m. 18\/04<\/li>\n<\/ul>\n\n\n\n<h2 class=\"wp-block-heading\">Begeleiders<\/h2>\n\n\n\n<p>Hendrik Vandenbroecke (Instructor Alpine Climbing)<\/p>\n\n\n\n<p>Hannelore Peeters (initiator sportklimmen)<\/p>\n\n\n\n<p>Voor extra informatie, contacteer begeleider:<br>Hendrik Vandenbroecke<br>Via email: hendrik@klimclubhungaria.be<\/p>\n\n\n\n<h2 class=\"wp-block-heading\">Prijs <\/h2>\n\n\n\n<figure class=\"wp-block-table\"><table><tbody><tr><td><\/td><td>LEDEN KCH<\/td><td>NIET-LEDEN KCH<\/td><\/tr><tr><td>KVB 3<\/td><td>\u20ac 460<\/td><td>\u20ac 480<\/td><\/tr><\/tbody><\/table><\/figure>\n\n\n\n<h2 class=\"wp-block-heading\">Annulatieregeling<\/h2>\n\n\n\n<ul class=\"wp-block-list\">\n<li>5% van het inschrijfbedrag (zie <a href=\"https:\/\/www.klimclubhungaria.be\/index.php\/algemene-voorwaarden-kch\/\">algemene voorwaarden<\/a>)<\/li>\n<\/ul>\n\n\n\n<h2 class=\"wp-block-heading\">Inbegrepen in de prijs<\/h2>\n\n\n\n<ul class=\"wp-block-list\">\n<li>6 dagen begeleiding<\/li>\n\n\n\n<li>Camping<\/li>\n\n\n\n<li>Eten voorzien door een kookteam&nbsp;<\/li>\n<\/ul>\n\n\n\n<h2 class=\"wp-block-heading\">Niet inbegrepen in de prijs<\/h2>\n\n\n\n<p>Geschatte kosten ter plaatse: +\/- 90 euro.<\/p>\n\n\n\n<ul class=\"wp-block-list\">\n<li>Transport en andere kosten begeleider<\/li>\n\n\n\n<li>Eigen extra\u2019s<\/li>\n<\/ul>\n\n\n\n<p>Het inschrijvingsgeld omvat enkel en alleen de vorige paragraaf. Alle andere kosten die ter plaatse worden gemaakt, vallen op de deelnemers. De kosten die de begeleider maakt, worden gedeeld door de deelnemers. Ter facilitering van de verdeling van deze kosten kan er gebruik gemaakt worden van een applicatie zoals bv Splitwise. Deze kosten worden ter plekke via Payconiq overgemaakt aan de begeleider.<\/p>\n\n\n\n<h2 class=\"wp-block-heading\">Inschrijven <\/h2>\n\n\n\n<p><\/p>\n\n\n\n<div class=\"wp-block-buttons is-layout-flex wp-block-buttons-is-layout-flex\">\n<div class=\"wp-block-button\"><a class=\"wp-block-button__link wp-element-button\" href=\"https:\/\/www.klimclubhungaria.be\/index.php\/product\/kvb3-2026-buis-les-baronnies-frankrijk-12-04-17-4\/\">Inschrijven<\/a><\/div>\n<\/div>\n\n\n\n<p><\/p>\n\n\n\n<h2 class=\"wp-block-heading\">Uitschrijven<\/h2>\n\n\n\n<p>Heb je je ingeschreven, maar blijkt dat je toch niet kan deelnemen? Schrijf je dan <strong>ten laatste 20 dagen voor de aanvang<\/strong> van het startmoment van de opleiding uit. Stuur hiervoor een mailtje naar info@klimclubhungaria.be Doe je dit niet? Dan dien je het inschrijvingsgeld te betalen tenzij je annuleert onder&nbsp;<a href=\"https:\/\/www.klimclubhungaria.be\/index.php\/algemene-voorwaarden-kch\/\">de geldende voorwaarden<\/a>&nbsp;.<\/p>\n","protected":false},"excerpt":{"rendered":"<p>Wil je een stapje verder gaan dan KVB 2\/KVB 2+, dan biedt klimclub Hungaria nu ook de intensieve opleiding \u201coutdoor voorklimmen (KVB 3)\u201d in Frankrijk aan. In deze cursus leer je de nodige vaardigheden om op een veilige manier zelfstandig voor te klimmen op behaakte routes van zowel \u00e9\u00e9n als meerdere touwlengtes. Achteraf is er [&hellip;]<\/p>\n","protected":false},"author":9,"featured_media":0,"parent":0,"menu_order":0,"comment_status":"closed","ping_status":"closed","template":"","meta":{"ocean_post_layout":"","ocean_both_sidebars_style":"","ocean_both_sidebars_content_width":0,"ocean_both_sidebars_sidebars_width":0,"ocean_sidebar":"0","ocean_second_sidebar":"0","ocean_disable_margins":"enable","ocean_add_body_class":"","ocean_shortcode_before_top_bar":"","ocean_shortcode_after_top_bar":"","ocean_shortcode_before_header":"","ocean_shortcode_after_header":"","ocean_has_shortcode":"","ocean_shortcode_after_title":"","ocean_shortcode_before_footer_widgets":"","ocean_shortcode_after_footer_widgets":"","ocean_shortcode_before_footer_bottom":"","ocean_shortcode_after_footer_bottom":"","ocean_display_top_bar":"default","ocean_display_header":"default","ocean_header_style":"","ocean_center_header_left_menu":"0","ocean_custom_header_template":"0","ocean_custom_logo":0,"ocean_custom_retina_logo":0,"ocean_custom_logo_max_width":0,"ocean_custom_logo_tablet_max_width":0,"ocean_custom_logo_mobile_max_width":0,"ocean_custom_logo_max_height":0,"ocean_custom_logo_tablet_max_height":0,"ocean_custom_logo_mobile_max_height":0,"ocean_header_custom_menu":"0","ocean_menu_typo_font_family":"0","ocean_menu_typo_font_subset":"","ocean_menu_typo_font_size":0,"ocean_menu_typo_font_size_tablet":0,"ocean_menu_typo_font_size_mobile":0,"ocean_menu_typo_font_size_unit":"px","ocean_menu_typo_font_weight":"","ocean_menu_typo_font_weight_tablet":"","ocean_menu_typo_font_weight_mobile":"","ocean_menu_typo_transform":"","ocean_menu_typo_transform_tablet":"","ocean_menu_typo_transform_mobile":"","ocean_menu_typo_line_height":0,"ocean_menu_typo_line_height_tablet":0,"ocean_menu_typo_line_height_mobile":0,"ocean_menu_typo_line_height_unit":"","ocean_menu_typo_spacing":0,"ocean_menu_typo_spacing_tablet":0,"ocean_menu_typo_spacing_mobile":0,"ocean_menu_typo_spacing_unit":"","ocean_menu_link_color":"","ocean_menu_link_color_hover":"","ocean_menu_link_color_active":"","ocean_menu_link_background":"","ocean_menu_link_hover_background":"","ocean_menu_link_active_background":"","ocean_menu_social_links_bg":"","ocean_menu_social_hover_links_bg":"","ocean_menu_social_links_color":"","ocean_menu_social_hover_links_color":"","ocean_disable_title":"default","ocean_disable_heading":"default","ocean_post_title":"","ocean_post_subheading":"","ocean_post_title_style":"","ocean_post_title_background_color":"","ocean_post_title_background":0,"ocean_post_title_bg_image_position":"","ocean_post_title_bg_image_attachment":"","ocean_post_title_bg_image_repeat":"","ocean_post_title_bg_image_size":"","ocean_post_title_height":0,"ocean_post_title_bg_overlay":0.5,"ocean_post_title_bg_overlay_color":"","ocean_disable_breadcrumbs":"default","ocean_breadcrumbs_color":"","ocean_breadcrumbs_separator_color":"","ocean_breadcrumbs_links_color":"","ocean_breadcrumbs_links_hover_color":"","ocean_display_footer_widgets":"default","ocean_display_footer_bottom":"default","ocean_custom_footer_template":"0","two_page_speed":[],"footnotes":""},"class_list":["post-4552","page","type-page","status-publish","hentry","entry","owp-thumbs-layout-horizontal","owp-btn-normal","owp-tabs-layout-horizontal","has-no-thumbnails","has-product-nav"],"_links":{"self":[{"href":"https:\/\/www.klimclubhungaria.be\/index.php\/wp-json\/wp\/v2\/pages\/4552","targetHints":{"allow":["GET"]}}],"collection":[{"href":"https:\/\/www.klimclubhungaria.be\/index.php\/wp-json\/wp\/v2\/pages"}],"about":[{"href":"https:\/\/www.klimclubhungaria.be\/index.php\/wp-json\/wp\/v2\/types\/page"}],"author":[{"embeddable":true,"href":"https:\/\/www.klimclubhungaria.be\/index.php\/wp-json\/wp\/v2\/users\/9"}],"replies":[{"embeddable":true,"href":"https:\/\/www.klimclubhungaria.be\/index.php\/wp-json\/wp\/v2\/comments?post=4552"}],"version-history":[{"count":19,"href":"https:\/\/www.klimclubhungaria.be\/index.php\/wp-json\/wp\/v2\/pages\/4552\/revisions"}],"predecessor-version":[{"id":8924,"href":"https:\/\/www.klimclubhungaria.be\/index.php\/wp-json\/wp\/v2\/pages\/4552\/revisions\/8924"}],"wp:attachment":[{"href":"https:\/\/www.klimclubhungaria.be\/index.php\/wp-json\/wp\/v2\/media?parent=4552"}],"curies":[{"name":"wp","href":"https:\/\/api.w.org\/{rel}","templated":true}]}}